{"id":2193,"date":"2024-11-21T20:01:44","date_gmt":"2024-11-21T20:01:44","guid":{"rendered":"https:\/\/acosta.ca\/?page_id=2193"},"modified":"2025-03-07T18:51:53","modified_gmt":"2025-03-07T18:51:53","slug":"demandes-commerciales","status":"publish","type":"page","link":"https:\/\/acosta.ca\/fr-CA\/contact\/demandes-commerciales\/","title":{"rendered":"Demandes commerciales"},"content":{"rendered":"","protected":false},"excerpt":{"rendered":"","protected":false},"author":109,"featured_media":0,"parent":2151,"menu_order":0,"comment_status":"closed","ping_status":"closed","template":"page-contact.php","meta":{"_acf_changed":false,"footnotes":""},"class_list":["post-2193","page","type-page","status-publish","hentry"],"acf":[],"yoast_head":"<!-- This site is optimized with the Yoast SEO plugin v27.0 - https:\/\/yoast.com\/product\/yoast-seo-wordpress\/ -->\n<title>Demandes commerciales - Acosta Canada<\/title>\n<meta name=\"description\" content=\"Nous sommes l\u00e0 pour aider votre entreprise \u00e0 prosp\u00e9rer. Communiquez avec nous! Si vous cherchez d\u2019autres formes de soutien, nous pouvons vous orienter vers les ressources ad\u00e9quates.\" \/>\n<meta name=\"robots\" content=\"index, follow, max-snippet:-1, max-image-preview:large, max-video-preview:-1\" \/>\n<link rel=\"canonical\" href=\"https:\/\/acosta.ca\/fr-CA\/contact\/demandes-commerciales\/\" \/>\n<meta property=\"og:locale\" content=\"fr_CA\" \/>\n<meta property=\"og:type\" content=\"article\" \/>\n<meta property=\"og:title\" content=\"Demandes commerciales - Acosta Canada\" \/>\n<meta property=\"og:description\" content=\"Nous sommes l\u00e0 pour aider votre entreprise \u00e0 prosp\u00e9rer. Communiquez avec nous! Si vous cherchez d\u2019autres formes de soutien, nous pouvons vous orienter vers les ressources ad\u00e9quates.\" \/>\n<meta property=\"og:url\" content=\"https:\/\/acosta.ca\/fr-CA\/contact\/demandes-commerciales\/\" \/>\n<meta property=\"og:site_name\" content=\"Acosta Canada\" \/>\n<meta property=\"article:modified_time\" content=\"2025-03-07T18:51:53+00:00\" \/>\n<meta name=\"twitter:card\" content=\"summary_large_image\" \/>\n<meta name=\"twitter:label1\" content=\"Estimation du temps de lecture\" \/>\n\t<meta name=\"twitter:data1\" content=\"1 minute\" \/>\n<script type=\"application\/ld+json\" class=\"yoast-schema-graph\">{\"@context\":\"https:\/\/schema.org\",\"@graph\":[{\"@type\":\"WebPage\",\"@id\":\"https:\/\/acosta.ca\/fr-CA\/contact\/demandes-commerciales\/\",\"url\":\"https:\/\/acosta.ca\/fr-CA\/contact\/demandes-commerciales\/\",\"name\":\"Demandes commerciales - Acosta Canada\",\"isPartOf\":{\"@id\":\"https:\/\/acosta.ca\/fr-CA\/#website\"},\"datePublished\":\"2024-11-21T20:01:44+00:00\",\"dateModified\":\"2025-03-07T18:51:53+00:00\",\"description\":\"Nous sommes l\u00e0 pour aider votre entreprise \u00e0 prosp\u00e9rer. Communiquez avec nous! Si vous cherchez d\u2019autres formes de soutien, nous pouvons vous orienter vers les ressources ad\u00e9quates.\",\"breadcrumb\":{\"@id\":\"https:\/\/acosta.ca\/fr-CA\/contact\/demandes-commerciales\/#breadcrumb\"},\"inLanguage\":\"fr-CA\",\"potentialAction\":[{\"@type\":\"ReadAction\",\"target\":[\"https:\/\/acosta.ca\/fr-CA\/contact\/demandes-commerciales\/\"]}]},{\"@type\":\"BreadcrumbList\",\"@id\":\"https:\/\/acosta.ca\/fr-CA\/contact\/demandes-commerciales\/#breadcrumb\",\"itemListElement\":[{\"@type\":\"ListItem\",\"position\":1,\"name\":\"Home\",\"item\":\"https:\/\/acosta.ca\/fr-CA\/\"},{\"@type\":\"ListItem\",\"position\":2,\"name\":\"Contact\",\"item\":\"https:\/\/acosta.ca\/fr-CA\/contact\/\"},{\"@type\":\"ListItem\",\"position\":3,\"name\":\"Demandes commerciales\"}]},{\"@type\":\"WebSite\",\"@id\":\"https:\/\/acosta.ca\/fr-CA\/#website\",\"url\":\"https:\/\/acosta.ca\/fr-CA\/\",\"name\":\"Acosta Canada\",\"description\":\"Acosta provides sales, marketing and commercial solutions to drive your business\",\"publisher\":{\"@id\":\"https:\/\/acosta.ca\/fr-CA\/#organization\"},\"potentialAction\":[{\"@type\":\"SearchAction\",\"target\":{\"@type\":\"EntryPoint\",\"urlTemplate\":\"https:\/\/acosta.ca\/fr-CA\/?s={search_term_string}\"},\"query-input\":{\"@type\":\"PropertyValueSpecification\",\"valueRequired\":true,\"valueName\":\"search_term_string\"}}],\"inLanguage\":\"fr-CA\"},{\"@type\":\"Organization\",\"@id\":\"https:\/\/acosta.ca\/fr-CA\/#organization\",\"name\":\"Acosta Canada\",\"url\":\"https:\/\/acosta.ca\/fr-CA\/\",\"logo\":{\"@type\":\"ImageObject\",\"inLanguage\":\"fr-CA\",\"@id\":\"https:\/\/acosta.ca\/fr-CA\/#\/schema\/logo\/image\/\",\"url\":\"https:\/\/acosta.ca\/wp-content\/uploads\/sites\/8\/2025\/01\/Acosta-Black-Red-LogoX2.png\",\"contentUrl\":\"https:\/\/acosta.ca\/wp-content\/uploads\/sites\/8\/2025\/01\/Acosta-Black-Red-LogoX2.png\",\"width\":300,\"height\":74,\"caption\":\"Acosta Canada\"},\"image\":{\"@id\":\"https:\/\/acosta.ca\/fr-CA\/#\/schema\/logo\/image\/\"}}]}<\/script>\n<!-- \/ Yoast SEO plugin. -->","yoast_head_json":{"title":"Demandes commerciales - Acosta Canada","description":"Nous sommes l\u00e0 pour aider votre entreprise \u00e0 prosp\u00e9rer. Communiquez avec nous! Si vous cherchez d\u2019autres formes de soutien, nous pouvons vous orienter vers les ressources ad\u00e9quates.","robots":{"index":"index","follow":"follow","max-snippet":"max-snippet:-1","max-image-preview":"max-image-preview:large","max-video-preview":"max-video-preview:-1"},"canonical":"https:\/\/acosta.ca\/fr-CA\/contact\/demandes-commerciales\/","og_locale":"fr_CA","og_type":"article","og_title":"Demandes commerciales - Acosta Canada","og_description":"Nous sommes l\u00e0 pour aider votre entreprise \u00e0 prosp\u00e9rer. Communiquez avec nous! Si vous cherchez d\u2019autres formes de soutien, nous pouvons vous orienter vers les ressources ad\u00e9quates.","og_url":"https:\/\/acosta.ca\/fr-CA\/contact\/demandes-commerciales\/","og_site_name":"Acosta Canada","article_modified_time":"2025-03-07T18:51:53+00:00","twitter_card":"summary_large_image","twitter_misc":{"Estimation du temps de lecture":"1 minute"},"schema":{"@context":"https:\/\/schema.org","@graph":[{"@type":"WebPage","@id":"https:\/\/acosta.ca\/fr-CA\/contact\/demandes-commerciales\/","url":"https:\/\/acosta.ca\/fr-CA\/contact\/demandes-commerciales\/","name":"Demandes commerciales - Acosta Canada","isPartOf":{"@id":"https:\/\/acosta.ca\/fr-CA\/#website"},"datePublished":"2024-11-21T20:01:44+00:00","dateModified":"2025-03-07T18:51:53+00:00","description":"Nous sommes l\u00e0 pour aider votre entreprise \u00e0 prosp\u00e9rer. Communiquez avec nous! Si vous cherchez d\u2019autres formes de soutien, nous pouvons vous orienter vers les ressources ad\u00e9quates.","breadcrumb":{"@id":"https:\/\/acosta.ca\/fr-CA\/contact\/demandes-commerciales\/#breadcrumb"},"inLanguage":"fr-CA","potentialAction":[{"@type":"ReadAction","target":["https:\/\/acosta.ca\/fr-CA\/contact\/demandes-commerciales\/"]}]},{"@type":"BreadcrumbList","@id":"https:\/\/acosta.ca\/fr-CA\/contact\/demandes-commerciales\/#breadcrumb","itemListElement":[{"@type":"ListItem","position":1,"name":"Home","item":"https:\/\/acosta.ca\/fr-CA\/"},{"@type":"ListItem","position":2,"name":"Contact","item":"https:\/\/acosta.ca\/fr-CA\/contact\/"},{"@type":"ListItem","position":3,"name":"Demandes commerciales"}]},{"@type":"WebSite","@id":"https:\/\/acosta.ca\/fr-CA\/#website","url":"https:\/\/acosta.ca\/fr-CA\/","name":"Acosta Canada","description":"Acosta provides sales, marketing and commercial solutions to drive your business","publisher":{"@id":"https:\/\/acosta.ca\/fr-CA\/#organization"},"potentialAction":[{"@type":"SearchAction","target":{"@type":"EntryPoint","urlTemplate":"https:\/\/acosta.ca\/fr-CA\/?s={search_term_string}"},"query-input":{"@type":"PropertyValueSpecification","valueRequired":true,"valueName":"search_term_string"}}],"inLanguage":"fr-CA"},{"@type":"Organization","@id":"https:\/\/acosta.ca\/fr-CA\/#organization","name":"Acosta Canada","url":"https:\/\/acosta.ca\/fr-CA\/","logo":{"@type":"ImageObject","inLanguage":"fr-CA","@id":"https:\/\/acosta.ca\/fr-CA\/#\/schema\/logo\/image\/","url":"https:\/\/acosta.ca\/wp-content\/uploads\/sites\/8\/2025\/01\/Acosta-Black-Red-LogoX2.png","contentUrl":"https:\/\/acosta.ca\/wp-content\/uploads\/sites\/8\/2025\/01\/Acosta-Black-Red-LogoX2.png","width":300,"height":74,"caption":"Acosta Canada"},"image":{"@id":"https:\/\/acosta.ca\/fr-CA\/#\/schema\/logo\/image\/"}}]}},"_links":{"self":[{"href":"https:\/\/acosta.ca\/fr-CA\/wp-json\/wp\/v2\/pages\/2193","targetHints":{"allow":["GET"]}}],"collection":[{"href":"https:\/\/acosta.ca\/fr-CA\/wp-json\/wp\/v2\/pages"}],"about":[{"href":"https:\/\/acosta.ca\/fr-CA\/wp-json\/wp\/v2\/types\/page"}],"author":[{"embeddable":true,"href":"https:\/\/acosta.ca\/fr-CA\/wp-json\/wp\/v2\/users\/109"}],"replies":[{"embeddable":true,"href":"https:\/\/acosta.ca\/fr-CA\/wp-json\/wp\/v2\/comments?post=2193"}],"version-history":[{"count":1,"href":"https:\/\/acosta.ca\/fr-CA\/wp-json\/wp\/v2\/pages\/2193\/revisions"}],"predecessor-version":[{"id":2296,"href":"https:\/\/acosta.ca\/fr-CA\/wp-json\/wp\/v2\/pages\/2193\/revisions\/2296"}],"up":[{"embeddable":true,"href":"https:\/\/acosta.ca\/fr-CA\/wp-json\/wp\/v2\/pages\/2151"}],"wp:attachment":[{"href":"https:\/\/acosta.ca\/fr-CA\/wp-json\/wp\/v2\/media?parent=2193"}],"curies":[{"name":"wp","href":"https:\/\/api.w.org\/{rel}","templated":true}]}}