{"id":2134,"date":"2024-10-09T02:11:05","date_gmt":"2024-10-09T02:11:05","guid":{"rendered":"https:\/\/acosta.ca\/?page_id=2134"},"modified":"2025-04-23T18:41:02","modified_gmt":"2025-04-23T18:41:02","slug":"a-propos-dacosta","status":"publish","type":"page","link":"https:\/\/acosta.ca\/fr-CA\/a-propos-dacosta\/","title":{"rendered":"\u00c0 propos d\u2019Acosta"},"content":{"rendered":"","protected":false},"excerpt":{"rendered":"","protected":false},"author":109,"featured_media":2160,"parent":0,"menu_order":0,"comment_status":"closed","ping_status":"closed","template":"page-flex-fields.php","meta":{"_acf_changed":false,"footnotes":""},"class_list":["post-2134","page","type-page","status-publish","has-post-thumbnail","hentry"],"acf":[],"yoast_head":"<!-- This site is optimized with the Yoast SEO plugin v27.0 - https:\/\/yoast.com\/product\/yoast-seo-wordpress\/ -->\n<title>\u00c0 propos d\u2019Acosta - Acosta Canada<\/title>\n<meta name=\"description\" content=\"Depuis ses d\u00e9buts modestes, Acosta est devenu un acteur majeur de la vente au d\u00e9tail qui soutient des marques de premier plan. Acosta a remodel\u00e9 le secteur de la vente au d\u00e9tail depuis le premier jour.\" \/>\n<meta name=\"robots\" content=\"index, follow, max-snippet:-1, max-image-preview:large, max-video-preview:-1\" \/>\n<link rel=\"canonical\" href=\"https:\/\/acosta.ca\/fr-CA\/a-propos-dacosta\/\" \/>\n<meta property=\"og:locale\" content=\"fr_CA\" \/>\n<meta property=\"og:type\" content=\"article\" \/>\n<meta property=\"og:title\" content=\"\u00c0 propos d\u2019Acosta - Acosta Canada\" \/>\n<meta property=\"og:description\" content=\"Depuis ses d\u00e9buts modestes, Acosta est devenu un acteur majeur de la vente au d\u00e9tail qui soutient des marques de premier plan. Acosta a remodel\u00e9 le secteur de la vente au d\u00e9tail depuis le premier jour.\" \/>\n<meta property=\"og:url\" content=\"https:\/\/acosta.ca\/fr-CA\/a-propos-dacosta\/\" \/>\n<meta property=\"og:site_name\" content=\"Acosta Canada\" \/>\n<meta property=\"article:modified_time\" content=\"2025-04-23T18:41:02+00:00\" \/>\n<meta property=\"og:image\" content=\"https:\/\/acosta.ca\/wp-content\/uploads\/sites\/8\/2024\/12\/AcostaSalesMarketing2022-417-1-scaled.jpg\" \/>\n\t<meta property=\"og:image:width\" content=\"2560\" \/>\n\t<meta property=\"og:image:height\" content=\"1707\" \/>\n\t<meta property=\"og:image:type\" content=\"image\/jpeg\" \/>\n<meta name=\"twitter:card\" content=\"summary_large_image\" \/>\n<meta name=\"twitter:label1\" content=\"Estimation du temps de lecture\" \/>\n\t<meta name=\"twitter:data1\" content=\"7 minutes\" \/>\n<script type=\"application\/ld+json\" class=\"yoast-schema-graph\">{\"@context\":\"https:\/\/schema.org\",\"@graph\":[{\"@type\":\"WebPage\",\"@id\":\"https:\/\/acosta.ca\/fr-CA\/a-propos-dacosta\/\",\"url\":\"https:\/\/acosta.ca\/fr-CA\/a-propos-dacosta\/\",\"name\":\"\u00c0 propos d\u2019Acosta - Acosta Canada\",\"isPartOf\":{\"@id\":\"https:\/\/acosta.ca\/fr-CA\/#website\"},\"primaryImageOfPage\":{\"@id\":\"https:\/\/acosta.ca\/fr-CA\/a-propos-dacosta\/#primaryimage\"},\"image\":{\"@id\":\"https:\/\/acosta.ca\/fr-CA\/a-propos-dacosta\/#primaryimage\"},\"thumbnailUrl\":\"https:\/\/acosta.ca\/wp-content\/uploads\/sites\/8\/2024\/12\/AcostaSalesMarketing2022-417-1-scaled.jpg\",\"datePublished\":\"2024-10-09T02:11:05+00:00\",\"dateModified\":\"2025-04-23T18:41:02+00:00\",\"description\":\"Depuis ses d\u00e9buts modestes, Acosta est devenu un acteur majeur de la vente au d\u00e9tail qui soutient des marques de premier plan. Acosta a remodel\u00e9 le secteur de la vente au d\u00e9tail depuis le premier jour.\",\"breadcrumb\":{\"@id\":\"https:\/\/acosta.ca\/fr-CA\/a-propos-dacosta\/#breadcrumb\"},\"inLanguage\":\"fr-CA\",\"potentialAction\":[{\"@type\":\"ReadAction\",\"target\":[\"https:\/\/acosta.ca\/fr-CA\/a-propos-dacosta\/\"]}]},{\"@type\":\"ImageObject\",\"inLanguage\":\"fr-CA\",\"@id\":\"https:\/\/acosta.ca\/fr-CA\/a-propos-dacosta\/#primaryimage\",\"url\":\"https:\/\/acosta.ca\/wp-content\/uploads\/sites\/8\/2024\/12\/AcostaSalesMarketing2022-417-1-scaled.jpg\",\"contentUrl\":\"https:\/\/acosta.ca\/wp-content\/uploads\/sites\/8\/2024\/12\/AcostaSalesMarketing2022-417-1-scaled.jpg\",\"width\":2560,\"height\":1707},{\"@type\":\"BreadcrumbList\",\"@id\":\"https:\/\/acosta.ca\/fr-CA\/a-propos-dacosta\/#breadcrumb\",\"itemListElement\":[{\"@type\":\"ListItem\",\"position\":1,\"name\":\"Home\",\"item\":\"https:\/\/acosta.ca\/fr-CA\/\"},{\"@type\":\"ListItem\",\"position\":2,\"name\":\"\u00c0 propos d\u2019Acosta\"}]},{\"@type\":\"WebSite\",\"@id\":\"https:\/\/acosta.ca\/fr-CA\/#website\",\"url\":\"https:\/\/acosta.ca\/fr-CA\/\",\"name\":\"Acosta Canada\",\"description\":\"Acosta provides sales, marketing and commercial solutions to drive your business\",\"publisher\":{\"@id\":\"https:\/\/acosta.ca\/fr-CA\/#organization\"},\"potentialAction\":[{\"@type\":\"SearchAction\",\"target\":{\"@type\":\"EntryPoint\",\"urlTemplate\":\"https:\/\/acosta.ca\/fr-CA\/?s={search_term_string}\"},\"query-input\":{\"@type\":\"PropertyValueSpecification\",\"valueRequired\":true,\"valueName\":\"search_term_string\"}}],\"inLanguage\":\"fr-CA\"},{\"@type\":\"Organization\",\"@id\":\"https:\/\/acosta.ca\/fr-CA\/#organization\",\"name\":\"Acosta Canada\",\"url\":\"https:\/\/acosta.ca\/fr-CA\/\",\"logo\":{\"@type\":\"ImageObject\",\"inLanguage\":\"fr-CA\",\"@id\":\"https:\/\/acosta.ca\/fr-CA\/#\/schema\/logo\/image\/\",\"url\":\"https:\/\/acosta.ca\/wp-content\/uploads\/sites\/8\/2025\/01\/Acosta-Black-Red-LogoX2.png\",\"contentUrl\":\"https:\/\/acosta.ca\/wp-content\/uploads\/sites\/8\/2025\/01\/Acosta-Black-Red-LogoX2.png\",\"width\":300,\"height\":74,\"caption\":\"Acosta Canada\"},\"image\":{\"@id\":\"https:\/\/acosta.ca\/fr-CA\/#\/schema\/logo\/image\/\"}}]}<\/script>\n<!-- \/ Yoast SEO plugin. -->","yoast_head_json":{"title":"\u00c0 propos d\u2019Acosta - Acosta Canada","description":"Depuis ses d\u00e9buts modestes, Acosta est devenu un acteur majeur de la vente au d\u00e9tail qui soutient des marques de premier plan. Acosta a remodel\u00e9 le secteur de la vente au d\u00e9tail depuis le premier jour.","robots":{"index":"index","follow":"follow","max-snippet":"max-snippet:-1","max-image-preview":"max-image-preview:large","max-video-preview":"max-video-preview:-1"},"canonical":"https:\/\/acosta.ca\/fr-CA\/a-propos-dacosta\/","og_locale":"fr_CA","og_type":"article","og_title":"\u00c0 propos d\u2019Acosta - Acosta Canada","og_description":"Depuis ses d\u00e9buts modestes, Acosta est devenu un acteur majeur de la vente au d\u00e9tail qui soutient des marques de premier plan. Acosta a remodel\u00e9 le secteur de la vente au d\u00e9tail depuis le premier jour.","og_url":"https:\/\/acosta.ca\/fr-CA\/a-propos-dacosta\/","og_site_name":"Acosta Canada","article_modified_time":"2025-04-23T18:41:02+00:00","og_image":[{"width":2560,"height":1707,"url":"https:\/\/acosta.ca\/wp-content\/uploads\/sites\/8\/2024\/12\/AcostaSalesMarketing2022-417-1-scaled.jpg","type":"image\/jpeg"}],"twitter_card":"summary_large_image","twitter_misc":{"Estimation du temps de lecture":"7 minutes"},"schema":{"@context":"https:\/\/schema.org","@graph":[{"@type":"WebPage","@id":"https:\/\/acosta.ca\/fr-CA\/a-propos-dacosta\/","url":"https:\/\/acosta.ca\/fr-CA\/a-propos-dacosta\/","name":"\u00c0 propos d\u2019Acosta - Acosta Canada","isPartOf":{"@id":"https:\/\/acosta.ca\/fr-CA\/#website"},"primaryImageOfPage":{"@id":"https:\/\/acosta.ca\/fr-CA\/a-propos-dacosta\/#primaryimage"},"image":{"@id":"https:\/\/acosta.ca\/fr-CA\/a-propos-dacosta\/#primaryimage"},"thumbnailUrl":"https:\/\/acosta.ca\/wp-content\/uploads\/sites\/8\/2024\/12\/AcostaSalesMarketing2022-417-1-scaled.jpg","datePublished":"2024-10-09T02:11:05+00:00","dateModified":"2025-04-23T18:41:02+00:00","description":"Depuis ses d\u00e9buts modestes, Acosta est devenu un acteur majeur de la vente au d\u00e9tail qui soutient des marques de premier plan. Acosta a remodel\u00e9 le secteur de la vente au d\u00e9tail depuis le premier jour.","breadcrumb":{"@id":"https:\/\/acosta.ca\/fr-CA\/a-propos-dacosta\/#breadcrumb"},"inLanguage":"fr-CA","potentialAction":[{"@type":"ReadAction","target":["https:\/\/acosta.ca\/fr-CA\/a-propos-dacosta\/"]}]},{"@type":"ImageObject","inLanguage":"fr-CA","@id":"https:\/\/acosta.ca\/fr-CA\/a-propos-dacosta\/#primaryimage","url":"https:\/\/acosta.ca\/wp-content\/uploads\/sites\/8\/2024\/12\/AcostaSalesMarketing2022-417-1-scaled.jpg","contentUrl":"https:\/\/acosta.ca\/wp-content\/uploads\/sites\/8\/2024\/12\/AcostaSalesMarketing2022-417-1-scaled.jpg","width":2560,"height":1707},{"@type":"BreadcrumbList","@id":"https:\/\/acosta.ca\/fr-CA\/a-propos-dacosta\/#breadcrumb","itemListElement":[{"@type":"ListItem","position":1,"name":"Home","item":"https:\/\/acosta.ca\/fr-CA\/"},{"@type":"ListItem","position":2,"name":"\u00c0 propos d\u2019Acosta"}]},{"@type":"WebSite","@id":"https:\/\/acosta.ca\/fr-CA\/#website","url":"https:\/\/acosta.ca\/fr-CA\/","name":"Acosta Canada","description":"Acosta provides sales, marketing and commercial solutions to drive your business","publisher":{"@id":"https:\/\/acosta.ca\/fr-CA\/#organization"},"potentialAction":[{"@type":"SearchAction","target":{"@type":"EntryPoint","urlTemplate":"https:\/\/acosta.ca\/fr-CA\/?s={search_term_string}"},"query-input":{"@type":"PropertyValueSpecification","valueRequired":true,"valueName":"search_term_string"}}],"inLanguage":"fr-CA"},{"@type":"Organization","@id":"https:\/\/acosta.ca\/fr-CA\/#organization","name":"Acosta Canada","url":"https:\/\/acosta.ca\/fr-CA\/","logo":{"@type":"ImageObject","inLanguage":"fr-CA","@id":"https:\/\/acosta.ca\/fr-CA\/#\/schema\/logo\/image\/","url":"https:\/\/acosta.ca\/wp-content\/uploads\/sites\/8\/2025\/01\/Acosta-Black-Red-LogoX2.png","contentUrl":"https:\/\/acosta.ca\/wp-content\/uploads\/sites\/8\/2025\/01\/Acosta-Black-Red-LogoX2.png","width":300,"height":74,"caption":"Acosta Canada"},"image":{"@id":"https:\/\/acosta.ca\/fr-CA\/#\/schema\/logo\/image\/"}}]}},"_links":{"self":[{"href":"https:\/\/acosta.ca\/fr-CA\/wp-json\/wp\/v2\/pages\/2134","targetHints":{"allow":["GET"]}}],"collection":[{"href":"https:\/\/acosta.ca\/fr-CA\/wp-json\/wp\/v2\/pages"}],"about":[{"href":"https:\/\/acosta.ca\/fr-CA\/wp-json\/wp\/v2\/types\/page"}],"author":[{"embeddable":true,"href":"https:\/\/acosta.ca\/fr-CA\/wp-json\/wp\/v2\/users\/109"}],"replies":[{"embeddable":true,"href":"https:\/\/acosta.ca\/fr-CA\/wp-json\/wp\/v2\/comments?post=2134"}],"version-history":[{"count":8,"href":"https:\/\/acosta.ca\/fr-CA\/wp-json\/wp\/v2\/pages\/2134\/revisions"}],"predecessor-version":[{"id":2682,"href":"https:\/\/acosta.ca\/fr-CA\/wp-json\/wp\/v2\/pages\/2134\/revisions\/2682"}],"wp:featuredmedia":[{"embeddable":true,"href":"https:\/\/acosta.ca\/fr-CA\/wp-json\/wp\/v2\/media\/2160"}],"wp:attachment":[{"href":"https:\/\/acosta.ca\/fr-CA\/wp-json\/wp\/v2\/media?parent=2134"}],"curies":[{"name":"wp","href":"https:\/\/api.w.org\/{rel}","templated":true}]}}