{"id":2054,"date":"2024-10-09T02:00:20","date_gmt":"2024-10-09T02:00:20","guid":{"rendered":"https:\/\/acosta.ca\/?page_id=2054"},"modified":"2025-04-17T21:14:24","modified_gmt":"2025-04-17T21:14:24","slug":"canaux","status":"publish","type":"page","link":"https:\/\/acosta.ca\/fr-CA\/canaux\/","title":{"rendered":"Canaux"},"content":{"rendered":"","protected":false},"excerpt":{"rendered":"","protected":false},"author":109,"featured_media":0,"parent":0,"menu_order":0,"comment_status":"closed","ping_status":"closed","template":"page-flex-fields.php","meta":{"_acf_changed":false,"footnotes":""},"class_list":["post-2054","page","type-page","status-publish","hentry"],"acf":[],"yoast_head":"<!-- This site is optimized with the Yoast SEO plugin v27.0 - https:\/\/yoast.com\/product\/yoast-seo-wordpress\/ -->\n<title>Canaux - Acosta Canada<\/title>\n<meta name=\"description\" content=\"\u00c9tendez votre pr\u00e9sence dans le commerce de d\u00e9tail et maximisez vos ventes dans les secteurs de l\u2019\u00e9picerie, de la grande distribution, de la pharmacie, des d\u00e9panneurs, des produits naturels et des produits \u00e0 valeur, gr\u00e2ce au soutien des experts d\u2019Acosta.\" \/>\n<meta name=\"robots\" content=\"index, follow, max-snippet:-1, max-image-preview:large, max-video-preview:-1\" \/>\n<link rel=\"canonical\" href=\"https:\/\/acosta.ca\/fr-CA\/canaux\/\" \/>\n<meta property=\"og:locale\" content=\"fr_CA\" \/>\n<meta property=\"og:type\" content=\"article\" \/>\n<meta property=\"og:title\" content=\"Canaux - Acosta Canada\" \/>\n<meta property=\"og:description\" content=\"\u00c9tendez votre pr\u00e9sence dans le commerce de d\u00e9tail et maximisez vos ventes dans les secteurs de l\u2019\u00e9picerie, de la grande distribution, de la pharmacie, des d\u00e9panneurs, des produits naturels et des produits \u00e0 valeur, gr\u00e2ce au soutien des experts d\u2019Acosta.\" \/>\n<meta property=\"og:url\" content=\"https:\/\/acosta.ca\/fr-CA\/canaux\/\" \/>\n<meta property=\"og:site_name\" content=\"Acosta Canada\" \/>\n<meta property=\"article:modified_time\" content=\"2025-04-17T21:14:24+00:00\" \/>\n<meta name=\"twitter:card\" content=\"summary_large_image\" \/>\n<meta name=\"twitter:label1\" content=\"Estimation du temps de lecture\" \/>\n\t<meta name=\"twitter:data1\" content=\"4 minutes\" \/>\n<script type=\"application\/ld+json\" class=\"yoast-schema-graph\">{\"@context\":\"https:\/\/schema.org\",\"@graph\":[{\"@type\":\"WebPage\",\"@id\":\"https:\/\/acosta.ca\/fr-CA\/canaux\/\",\"url\":\"https:\/\/acosta.ca\/fr-CA\/canaux\/\",\"name\":\"Canaux - Acosta Canada\",\"isPartOf\":{\"@id\":\"https:\/\/acosta.ca\/fr-CA\/#website\"},\"datePublished\":\"2024-10-09T02:00:20+00:00\",\"dateModified\":\"2025-04-17T21:14:24+00:00\",\"description\":\"\u00c9tendez votre pr\u00e9sence dans le commerce de d\u00e9tail et maximisez vos ventes dans les secteurs de l\u2019\u00e9picerie, de la grande distribution, de la pharmacie, des d\u00e9panneurs, des produits naturels et des produits \u00e0 valeur, gr\u00e2ce au soutien des experts d\u2019Acosta.\",\"breadcrumb\":{\"@id\":\"https:\/\/acosta.ca\/fr-CA\/canaux\/#breadcrumb\"},\"inLanguage\":\"fr-CA\",\"potentialAction\":[{\"@type\":\"ReadAction\",\"target\":[\"https:\/\/acosta.ca\/fr-CA\/canaux\/\"]}]},{\"@type\":\"BreadcrumbList\",\"@id\":\"https:\/\/acosta.ca\/fr-CA\/canaux\/#breadcrumb\",\"itemListElement\":[{\"@type\":\"ListItem\",\"position\":1,\"name\":\"Home\",\"item\":\"https:\/\/acosta.ca\/fr-CA\/\"},{\"@type\":\"ListItem\",\"position\":2,\"name\":\"Canaux\"}]},{\"@type\":\"WebSite\",\"@id\":\"https:\/\/acosta.ca\/fr-CA\/#website\",\"url\":\"https:\/\/acosta.ca\/fr-CA\/\",\"name\":\"Acosta Canada\",\"description\":\"Acosta provides sales, marketing and commercial solutions to drive your business\",\"publisher\":{\"@id\":\"https:\/\/acosta.ca\/fr-CA\/#organization\"},\"potentialAction\":[{\"@type\":\"SearchAction\",\"target\":{\"@type\":\"EntryPoint\",\"urlTemplate\":\"https:\/\/acosta.ca\/fr-CA\/?s={search_term_string}\"},\"query-input\":{\"@type\":\"PropertyValueSpecification\",\"valueRequired\":true,\"valueName\":\"search_term_string\"}}],\"inLanguage\":\"fr-CA\"},{\"@type\":\"Organization\",\"@id\":\"https:\/\/acosta.ca\/fr-CA\/#organization\",\"name\":\"Acosta Canada\",\"url\":\"https:\/\/acosta.ca\/fr-CA\/\",\"logo\":{\"@type\":\"ImageObject\",\"inLanguage\":\"fr-CA\",\"@id\":\"https:\/\/acosta.ca\/fr-CA\/#\/schema\/logo\/image\/\",\"url\":\"https:\/\/acosta.ca\/wp-content\/uploads\/sites\/8\/2025\/01\/Acosta-Black-Red-LogoX2.png\",\"contentUrl\":\"https:\/\/acosta.ca\/wp-content\/uploads\/sites\/8\/2025\/01\/Acosta-Black-Red-LogoX2.png\",\"width\":300,\"height\":74,\"caption\":\"Acosta Canada\"},\"image\":{\"@id\":\"https:\/\/acosta.ca\/fr-CA\/#\/schema\/logo\/image\/\"}}]}<\/script>\n<!-- \/ Yoast SEO plugin. -->","yoast_head_json":{"title":"Canaux - Acosta Canada","description":"\u00c9tendez votre pr\u00e9sence dans le commerce de d\u00e9tail et maximisez vos ventes dans les secteurs de l\u2019\u00e9picerie, de la grande distribution, de la pharmacie, des d\u00e9panneurs, des produits naturels et des produits \u00e0 valeur, gr\u00e2ce au soutien des experts d\u2019Acosta.","robots":{"index":"index","follow":"follow","max-snippet":"max-snippet:-1","max-image-preview":"max-image-preview:large","max-video-preview":"max-video-preview:-1"},"canonical":"https:\/\/acosta.ca\/fr-CA\/canaux\/","og_locale":"fr_CA","og_type":"article","og_title":"Canaux - Acosta Canada","og_description":"\u00c9tendez votre pr\u00e9sence dans le commerce de d\u00e9tail et maximisez vos ventes dans les secteurs de l\u2019\u00e9picerie, de la grande distribution, de la pharmacie, des d\u00e9panneurs, des produits naturels et des produits \u00e0 valeur, gr\u00e2ce au soutien des experts d\u2019Acosta.","og_url":"https:\/\/acosta.ca\/fr-CA\/canaux\/","og_site_name":"Acosta Canada","article_modified_time":"2025-04-17T21:14:24+00:00","twitter_card":"summary_large_image","twitter_misc":{"Estimation du temps de lecture":"4 minutes"},"schema":{"@context":"https:\/\/schema.org","@graph":[{"@type":"WebPage","@id":"https:\/\/acosta.ca\/fr-CA\/canaux\/","url":"https:\/\/acosta.ca\/fr-CA\/canaux\/","name":"Canaux - Acosta Canada","isPartOf":{"@id":"https:\/\/acosta.ca\/fr-CA\/#website"},"datePublished":"2024-10-09T02:00:20+00:00","dateModified":"2025-04-17T21:14:24+00:00","description":"\u00c9tendez votre pr\u00e9sence dans le commerce de d\u00e9tail et maximisez vos ventes dans les secteurs de l\u2019\u00e9picerie, de la grande distribution, de la pharmacie, des d\u00e9panneurs, des produits naturels et des produits \u00e0 valeur, gr\u00e2ce au soutien des experts d\u2019Acosta.","breadcrumb":{"@id":"https:\/\/acosta.ca\/fr-CA\/canaux\/#breadcrumb"},"inLanguage":"fr-CA","potentialAction":[{"@type":"ReadAction","target":["https:\/\/acosta.ca\/fr-CA\/canaux\/"]}]},{"@type":"BreadcrumbList","@id":"https:\/\/acosta.ca\/fr-CA\/canaux\/#breadcrumb","itemListElement":[{"@type":"ListItem","position":1,"name":"Home","item":"https:\/\/acosta.ca\/fr-CA\/"},{"@type":"ListItem","position":2,"name":"Canaux"}]},{"@type":"WebSite","@id":"https:\/\/acosta.ca\/fr-CA\/#website","url":"https:\/\/acosta.ca\/fr-CA\/","name":"Acosta Canada","description":"Acosta provides sales, marketing and commercial solutions to drive your business","publisher":{"@id":"https:\/\/acosta.ca\/fr-CA\/#organization"},"potentialAction":[{"@type":"SearchAction","target":{"@type":"EntryPoint","urlTemplate":"https:\/\/acosta.ca\/fr-CA\/?s={search_term_string}"},"query-input":{"@type":"PropertyValueSpecification","valueRequired":true,"valueName":"search_term_string"}}],"inLanguage":"fr-CA"},{"@type":"Organization","@id":"https:\/\/acosta.ca\/fr-CA\/#organization","name":"Acosta Canada","url":"https:\/\/acosta.ca\/fr-CA\/","logo":{"@type":"ImageObject","inLanguage":"fr-CA","@id":"https:\/\/acosta.ca\/fr-CA\/#\/schema\/logo\/image\/","url":"https:\/\/acosta.ca\/wp-content\/uploads\/sites\/8\/2025\/01\/Acosta-Black-Red-LogoX2.png","contentUrl":"https:\/\/acosta.ca\/wp-content\/uploads\/sites\/8\/2025\/01\/Acosta-Black-Red-LogoX2.png","width":300,"height":74,"caption":"Acosta Canada"},"image":{"@id":"https:\/\/acosta.ca\/fr-CA\/#\/schema\/logo\/image\/"}}]}},"_links":{"self":[{"href":"https:\/\/acosta.ca\/fr-CA\/wp-json\/wp\/v2\/pages\/2054","targetHints":{"allow":["GET"]}}],"collection":[{"href":"https:\/\/acosta.ca\/fr-CA\/wp-json\/wp\/v2\/pages"}],"about":[{"href":"https:\/\/acosta.ca\/fr-CA\/wp-json\/wp\/v2\/types\/page"}],"author":[{"embeddable":true,"href":"https:\/\/acosta.ca\/fr-CA\/wp-json\/wp\/v2\/users\/109"}],"replies":[{"embeddable":true,"href":"https:\/\/acosta.ca\/fr-CA\/wp-json\/wp\/v2\/comments?post=2054"}],"version-history":[{"count":5,"href":"https:\/\/acosta.ca\/fr-CA\/wp-json\/wp\/v2\/pages\/2054\/revisions"}],"predecessor-version":[{"id":2676,"href":"https:\/\/acosta.ca\/fr-CA\/wp-json\/wp\/v2\/pages\/2054\/revisions\/2676"}],"wp:attachment":[{"href":"https:\/\/acosta.ca\/fr-CA\/wp-json\/wp\/v2\/media?parent=2054"}],"curies":[{"name":"wp","href":"https:\/\/api.w.org\/{rel}","templated":true}]}}