{"id":1989,"date":"2024-10-15T20:26:07","date_gmt":"2024-10-15T20:26:07","guid":{"rendered":"https:\/\/acosta.ca\/?page_id=1989"},"modified":"2025-04-17T20:10:11","modified_gmt":"2025-04-17T20:10:11","slug":"page-daccueil","status":"publish","type":"page","link":"https:\/\/acosta.ca\/fr-CA\/","title":{"rendered":"Page d\u2019accueil"},"content":{"rendered":"","protected":false},"excerpt":{"rendered":"","protected":false},"author":109,"featured_media":1988,"parent":0,"menu_order":0,"comment_status":"closed","ping_status":"closed","template":"page-flex-fields.php","meta":{"_acf_changed":false,"footnotes":""},"class_list":["post-1989","page","type-page","status-publish","has-post-thumbnail","hentry"],"acf":[],"yoast_head":"<!-- This site is optimized with the Yoast SEO plugin v27.0 - https:\/\/yoast.com\/product\/yoast-seo-wordpress\/ -->\n<title>Page d\u2019accueil - Acosta Canada<\/title>\n<meta name=\"description\" content=\"Acosta apporte de la simplicit\u00e9 aux ventes au d\u00e9tail, agissant comme un catalyseur pour rapprocher les marques, les d\u00e9taillants et les consommateurs, alimentant ainsi la croissance et la valeur.\" \/>\n<meta name=\"robots\" content=\"index, follow, max-snippet:-1, max-image-preview:large, max-video-preview:-1\" \/>\n<link rel=\"canonical\" href=\"https:\/\/acosta.ca\/fr-CA\/\" \/>\n<meta property=\"og:locale\" content=\"fr_CA\" \/>\n<meta property=\"og:type\" content=\"article\" \/>\n<meta property=\"og:title\" content=\"Page d\u2019accueil - Acosta Canada\" \/>\n<meta property=\"og:description\" content=\"Acosta apporte de la simplicit\u00e9 aux ventes au d\u00e9tail, agissant comme un catalyseur pour rapprocher les marques, les d\u00e9taillants et les consommateurs, alimentant ainsi la croissance et la valeur.\" \/>\n<meta property=\"og:url\" content=\"https:\/\/acosta.ca\/fr-CA\/\" \/>\n<meta property=\"og:site_name\" content=\"Acosta Canada\" \/>\n<meta property=\"article:modified_time\" content=\"2025-04-17T20:10:11+00:00\" \/>\n<meta property=\"og:image\" content=\"https:\/\/acosta.ca\/wp-content\/uploads\/sites\/8\/2025\/03\/home-hero-w-background.webp\" \/>\n\t<meta property=\"og:image:width\" content=\"670\" \/>\n\t<meta property=\"og:image:height\" content=\"771\" \/>\n\t<meta property=\"og:image:type\" content=\"image\/webp\" \/>\n<meta name=\"twitter:card\" content=\"summary_large_image\" \/>\n<meta name=\"twitter:label1\" content=\"Estimation du temps de lecture\" \/>\n\t<meta name=\"twitter:data1\" content=\"6 minutes\" \/>\n<script type=\"application\/ld+json\" class=\"yoast-schema-graph\">{\"@context\":\"https:\/\/schema.org\",\"@graph\":[{\"@type\":\"WebPage\",\"@id\":\"https:\/\/acosta.ca\/fr-CA\/\",\"url\":\"https:\/\/acosta.ca\/fr-CA\/\",\"name\":\"Page d\u2019accueil - Acosta Canada\",\"isPartOf\":{\"@id\":\"https:\/\/acosta.ca\/fr-CA\/#website\"},\"primaryImageOfPage\":{\"@id\":\"https:\/\/acosta.ca\/fr-CA\/#primaryimage\"},\"image\":{\"@id\":\"https:\/\/acosta.ca\/fr-CA\/#primaryimage\"},\"thumbnailUrl\":\"https:\/\/acosta.ca\/wp-content\/uploads\/sites\/8\/2025\/03\/home-hero-w-background.webp\",\"datePublished\":\"2024-10-15T20:26:07+00:00\",\"dateModified\":\"2025-04-17T20:10:11+00:00\",\"description\":\"Acosta apporte de la simplicit\u00e9 aux ventes au d\u00e9tail, agissant comme un catalyseur pour rapprocher les marques, les d\u00e9taillants et les consommateurs, alimentant ainsi la croissance et la valeur.\",\"breadcrumb\":{\"@id\":\"https:\/\/acosta.ca\/fr-CA\/#breadcrumb\"},\"inLanguage\":\"fr-CA\",\"potentialAction\":[{\"@type\":\"ReadAction\",\"target\":[\"https:\/\/acosta.ca\/fr-CA\/\"]}]},{\"@type\":\"ImageObject\",\"inLanguage\":\"fr-CA\",\"@id\":\"https:\/\/acosta.ca\/fr-CA\/#primaryimage\",\"url\":\"https:\/\/acosta.ca\/wp-content\/uploads\/sites\/8\/2025\/03\/home-hero-w-background.webp\",\"contentUrl\":\"https:\/\/acosta.ca\/wp-content\/uploads\/sites\/8\/2025\/03\/home-hero-w-background.webp\",\"width\":670,\"height\":771},{\"@type\":\"BreadcrumbList\",\"@id\":\"https:\/\/acosta.ca\/fr-CA\/#breadcrumb\",\"itemListElement\":[{\"@type\":\"ListItem\",\"position\":1,\"name\":\"Home\",\"item\":\"https:\/\/acosta.ca\/fr-CA\/\"},{\"@type\":\"ListItem\",\"position\":2,\"name\":\"Page d\u2019accueil\"}]},{\"@type\":\"WebSite\",\"@id\":\"https:\/\/acosta.ca\/fr-CA\/#website\",\"url\":\"https:\/\/acosta.ca\/fr-CA\/\",\"name\":\"Acosta Canada\",\"description\":\"Acosta provides sales, marketing and commercial solutions to drive your business\",\"publisher\":{\"@id\":\"https:\/\/acosta.ca\/fr-CA\/#organization\"},\"potentialAction\":[{\"@type\":\"SearchAction\",\"target\":{\"@type\":\"EntryPoint\",\"urlTemplate\":\"https:\/\/acosta.ca\/fr-CA\/?s={search_term_string}\"},\"query-input\":{\"@type\":\"PropertyValueSpecification\",\"valueRequired\":true,\"valueName\":\"search_term_string\"}}],\"inLanguage\":\"fr-CA\"},{\"@type\":\"Organization\",\"@id\":\"https:\/\/acosta.ca\/fr-CA\/#organization\",\"name\":\"Acosta Canada\",\"url\":\"https:\/\/acosta.ca\/fr-CA\/\",\"logo\":{\"@type\":\"ImageObject\",\"inLanguage\":\"fr-CA\",\"@id\":\"https:\/\/acosta.ca\/fr-CA\/#\/schema\/logo\/image\/\",\"url\":\"https:\/\/acosta.ca\/wp-content\/uploads\/sites\/8\/2025\/01\/Acosta-Black-Red-LogoX2.png\",\"contentUrl\":\"https:\/\/acosta.ca\/wp-content\/uploads\/sites\/8\/2025\/01\/Acosta-Black-Red-LogoX2.png\",\"width\":300,\"height\":74,\"caption\":\"Acosta Canada\"},\"image\":{\"@id\":\"https:\/\/acosta.ca\/fr-CA\/#\/schema\/logo\/image\/\"}}]}<\/script>\n<!-- \/ Yoast SEO plugin. -->","yoast_head_json":{"title":"Page d\u2019accueil - Acosta Canada","description":"Acosta apporte de la simplicit\u00e9 aux ventes au d\u00e9tail, agissant comme un catalyseur pour rapprocher les marques, les d\u00e9taillants et les consommateurs, alimentant ainsi la croissance et la valeur.","robots":{"index":"index","follow":"follow","max-snippet":"max-snippet:-1","max-image-preview":"max-image-preview:large","max-video-preview":"max-video-preview:-1"},"canonical":"https:\/\/acosta.ca\/fr-CA\/","og_locale":"fr_CA","og_type":"article","og_title":"Page d\u2019accueil - Acosta Canada","og_description":"Acosta apporte de la simplicit\u00e9 aux ventes au d\u00e9tail, agissant comme un catalyseur pour rapprocher les marques, les d\u00e9taillants et les consommateurs, alimentant ainsi la croissance et la valeur.","og_url":"https:\/\/acosta.ca\/fr-CA\/","og_site_name":"Acosta Canada","article_modified_time":"2025-04-17T20:10:11+00:00","og_image":[{"width":670,"height":771,"url":"https:\/\/acosta.ca\/wp-content\/uploads\/sites\/8\/2025\/03\/home-hero-w-background.webp","type":"image\/webp"}],"twitter_card":"summary_large_image","twitter_misc":{"Estimation du temps de lecture":"6 minutes"},"schema":{"@context":"https:\/\/schema.org","@graph":[{"@type":"WebPage","@id":"https:\/\/acosta.ca\/fr-CA\/","url":"https:\/\/acosta.ca\/fr-CA\/","name":"Page d\u2019accueil - Acosta Canada","isPartOf":{"@id":"https:\/\/acosta.ca\/fr-CA\/#website"},"primaryImageOfPage":{"@id":"https:\/\/acosta.ca\/fr-CA\/#primaryimage"},"image":{"@id":"https:\/\/acosta.ca\/fr-CA\/#primaryimage"},"thumbnailUrl":"https:\/\/acosta.ca\/wp-content\/uploads\/sites\/8\/2025\/03\/home-hero-w-background.webp","datePublished":"2024-10-15T20:26:07+00:00","dateModified":"2025-04-17T20:10:11+00:00","description":"Acosta apporte de la simplicit\u00e9 aux ventes au d\u00e9tail, agissant comme un catalyseur pour rapprocher les marques, les d\u00e9taillants et les consommateurs, alimentant ainsi la croissance et la valeur.","breadcrumb":{"@id":"https:\/\/acosta.ca\/fr-CA\/#breadcrumb"},"inLanguage":"fr-CA","potentialAction":[{"@type":"ReadAction","target":["https:\/\/acosta.ca\/fr-CA\/"]}]},{"@type":"ImageObject","inLanguage":"fr-CA","@id":"https:\/\/acosta.ca\/fr-CA\/#primaryimage","url":"https:\/\/acosta.ca\/wp-content\/uploads\/sites\/8\/2025\/03\/home-hero-w-background.webp","contentUrl":"https:\/\/acosta.ca\/wp-content\/uploads\/sites\/8\/2025\/03\/home-hero-w-background.webp","width":670,"height":771},{"@type":"BreadcrumbList","@id":"https:\/\/acosta.ca\/fr-CA\/#breadcrumb","itemListElement":[{"@type":"ListItem","position":1,"name":"Home","item":"https:\/\/acosta.ca\/fr-CA\/"},{"@type":"ListItem","position":2,"name":"Page d\u2019accueil"}]},{"@type":"WebSite","@id":"https:\/\/acosta.ca\/fr-CA\/#website","url":"https:\/\/acosta.ca\/fr-CA\/","name":"Acosta Canada","description":"Acosta provides sales, marketing and commercial solutions to drive your business","publisher":{"@id":"https:\/\/acosta.ca\/fr-CA\/#organization"},"potentialAction":[{"@type":"SearchAction","target":{"@type":"EntryPoint","urlTemplate":"https:\/\/acosta.ca\/fr-CA\/?s={search_term_string}"},"query-input":{"@type":"PropertyValueSpecification","valueRequired":true,"valueName":"search_term_string"}}],"inLanguage":"fr-CA"},{"@type":"Organization","@id":"https:\/\/acosta.ca\/fr-CA\/#organization","name":"Acosta Canada","url":"https:\/\/acosta.ca\/fr-CA\/","logo":{"@type":"ImageObject","inLanguage":"fr-CA","@id":"https:\/\/acosta.ca\/fr-CA\/#\/schema\/logo\/image\/","url":"https:\/\/acosta.ca\/wp-content\/uploads\/sites\/8\/2025\/01\/Acosta-Black-Red-LogoX2.png","contentUrl":"https:\/\/acosta.ca\/wp-content\/uploads\/sites\/8\/2025\/01\/Acosta-Black-Red-LogoX2.png","width":300,"height":74,"caption":"Acosta Canada"},"image":{"@id":"https:\/\/acosta.ca\/fr-CA\/#\/schema\/logo\/image\/"}}]}},"_links":{"self":[{"href":"https:\/\/acosta.ca\/fr-CA\/wp-json\/wp\/v2\/pages\/1989","targetHints":{"allow":["GET"]}}],"collection":[{"href":"https:\/\/acosta.ca\/fr-CA\/wp-json\/wp\/v2\/pages"}],"about":[{"href":"https:\/\/acosta.ca\/fr-CA\/wp-json\/wp\/v2\/types\/page"}],"author":[{"embeddable":true,"href":"https:\/\/acosta.ca\/fr-CA\/wp-json\/wp\/v2\/users\/109"}],"replies":[{"embeddable":true,"href":"https:\/\/acosta.ca\/fr-CA\/wp-json\/wp\/v2\/comments?post=1989"}],"version-history":[{"count":19,"href":"https:\/\/acosta.ca\/fr-CA\/wp-json\/wp\/v2\/pages\/1989\/revisions"}],"predecessor-version":[{"id":2664,"href":"https:\/\/acosta.ca\/fr-CA\/wp-json\/wp\/v2\/pages\/1989\/revisions\/2664"}],"wp:featuredmedia":[{"embeddable":true,"href":"https:\/\/acosta.ca\/fr-CA\/wp-json\/wp\/v2\/media\/1988"}],"wp:attachment":[{"href":"https:\/\/acosta.ca\/fr-CA\/wp-json\/wp\/v2\/media?parent=1989"}],"curies":[{"name":"wp","href":"https:\/\/api.w.org\/{rel}","templated":true}]}}